{"id":361,"date":"2024-09-05T11:57:20","date_gmt":"2024-09-05T08:57:20","guid":{"rendered":"https:\/\/houses4autism.eu\/kurser\/"},"modified":"2026-03-27T12:47:04","modified_gmt":"2026-03-27T10:47:04","slug":"kurser","status":"publish","type":"page","link":"https:\/\/houses4autism.eu\/da\/","title":{"rendered":"Kurser"},"content":{"rendered":"\t\t<div data-elementor-type=\"wp-page\" data-elementor-id=\"361\" class=\"elementor elementor-361 elementor-30\" data-elementor-post-type=\"page\">\n\t\t\t\t<div class=\"elementor-element elementor-element-726c2c4 e-flex e-con-boxed e-con e-parent\" data-id=\"726c2c4\" data-element_type=\"container\" data-e-type=\"container\" data-settings=\"{&quot;background_background&quot;:&quot;classic&quot;,&quot;shape_divider_bottom&quot;:&quot;opacity-fan&quot;}\">\n\t\t\t\t\t<div class=\"e-con-inner\">\n\t\t\t\t<div class=\"elementor-shape elementor-shape-bottom\" aria-hidden=\"true\" data-negative=\"false\">\n\t\t\t<svg xmlns=\"http:\/\/www.w3.org\/2000\/svg\" viewBox=\"0 0 283.5 19.6\" preserveAspectRatio=\"none\">\n\t<path class=\"elementor-shape-fill\" style=\"opacity:0.33\" d=\"M0 0L0 18.8 141.8 4.1 283.5 18.8 283.5 0z\"\/>\n\t<path class=\"elementor-shape-fill\" style=\"opacity:0.33\" d=\"M0 0L0 12.6 141.8 4 283.5 12.6 283.5 0z\"\/>\n\t<path class=\"elementor-shape-fill\" style=\"opacity:0.33\" d=\"M0 0L0 6.4 141.8 4 283.5 6.4 283.5 0z\"\/>\n\t<path class=\"elementor-shape-fill\" d=\"M0 0L0 1.2 141.8 4 283.5 1.2 283.5 0z\"\/>\n<\/svg>\t\t<\/div>\n\t\t<div class=\"elementor-element elementor-element-739592a e-con-full e-flex e-con e-child\" data-id=\"739592a\" data-element_type=\"container\" data-e-type=\"container\">\n\t\t\t\t<div class=\"elementor-element elementor-element-93790b2 elementor-view-default elementor-widget elementor-widget-icon\" data-id=\"93790b2\" data-element_type=\"widget\" data-e-type=\"widget\" data-widget_type=\"icon.default\">\n\t\t\t\t\t\t\t<div class=\"elementor-icon-wrapper\">\n\t\t\t<div class=\"elementor-icon\">\n\t\t\t<svg aria-hidden=\"true\" class=\"e-font-icon-svg e-fas-home\" viewBox=\"0 0 576 512\" xmlns=\"http:\/\/www.w3.org\/2000\/svg\"><path d=\"M280.37 148.26L96 300.11V464a16 16 0 0 0 16 16l112.06-.29a16 16 0 0 0 15.92-16V368a16 16 0 0 1 16-16h64a16 16 0 0 1 16 16v95.64a16 16 0 0 0 16 16.05L464 480a16 16 0 0 0 16-16V300L295.67 148.26a12.19 12.19 0 0 0-15.3 0zM571.6 251.47L488 182.56V44.05a12 12 0 0 0-12-12h-56a12 12 0 0 0-12 12v72.61L318.47 43a48 48 0 0 0-61 0L4.34 251.47a12 12 0 0 0-1.6 16.9l25.5 31A12 12 0 0 0 45.15 301l235.22-193.74a12.19 12.19 0 0 1 15.3 0L530.9 301a12 12 0 0 0 16.9-1.6l25.5-31a12 12 0 0 0-1.7-16.93z\"><\/path><\/svg>\t\t\t<\/div>\n\t\t<\/div>\n\t\t\t\t\t\t<\/div>\n\t\t\t\t<div class=\"elementor-element elementor-element-453d4f4 elementor-widget elementor-widget-heading\" data-id=\"453d4f4\" data-element_type=\"widget\" data-e-type=\"widget\" data-widget_type=\"heading.default\">\n\t\t\t\t\t<h1 class=\"elementor-heading-title elementor-size-default\">Houses4Autism<\/h1>\t\t\t\t<\/div>\n\t\t\t\t<div class=\"elementor-element elementor-element-eb18427 elementor-widget elementor-widget-heading\" data-id=\"eb18427\" data-element_type=\"widget\" data-e-type=\"widget\" data-widget_type=\"heading.default\">\n\t\t\t\t\t<h2 class=\"elementor-heading-title elementor-size-default\">eLearning<\/h2>\t\t\t\t<\/div>\n\t\t\t\t<\/div>\n\t\t\t\t\t<\/div>\n\t\t\t\t<\/div>\n\t\t<div class=\"elementor-element elementor-element-ad967c5 e-flex e-con-boxed e-con e-parent\" data-id=\"ad967c5\" data-element_type=\"container\" data-e-type=\"container\" data-settings=\"{&quot;background_motion_fx_translateY_effect&quot;:&quot;yes&quot;,&quot;background_motion_fx_translateY_speed&quot;:{&quot;unit&quot;:&quot;px&quot;,&quot;size&quot;:5,&quot;sizes&quot;:[]},&quot;shape_divider_bottom&quot;:&quot;wave-brush&quot;,&quot;background_motion_fx_translateY_affectedRange&quot;:{&quot;unit&quot;:&quot;%&quot;,&quot;size&quot;:&quot;&quot;,&quot;sizes&quot;:{&quot;start&quot;:0,&quot;end&quot;:100}},&quot;background_motion_fx_devices&quot;:[&quot;desktop&quot;,&quot;laptop&quot;,&quot;tablet_extra&quot;,&quot;tablet&quot;,&quot;mobile_extra&quot;,&quot;mobile&quot;]}\">\n\t\t\t\t\t<div class=\"e-con-inner\">\n\t\t\t\t<div class=\"elementor-shape elementor-shape-bottom\" aria-hidden=\"true\" data-negative=\"false\">\n\t\t\t<svg xmlns=\"http:\/\/www.w3.org\/2000\/svg\" viewBox=\"0 0 283.5 27.8\" preserveAspectRatio=\"none\">\n\t<path class=\"elementor-shape-fill\" d=\"M283.5,9.7c0,0-7.3,4.3-14,4.6c-6.8,0.3-12.6,0-20.9-1.5c-11.3-2-33.1-10.1-44.7-5.7\ts-12.1,4.6-18,7.4c-6.6,3.2-20,9.6-36.6,9.3C131.6,23.5,99.5,7.2,86.3,8c-1.4,0.1-6.6,0.8-10.5,2c-3.8,1.2-9.4,3.8-17,4.7\tc-3.2,0.4-8.3,1.1-14.2,0.9c-1.5-0.1-6.3-0.4-12-1.6c-5.7-1.2-11-3.1-15.8-3.7C6.5,9.2,0,10.8,0,10.8V0h283.5V9.7z M260.8,11.3\tc-0.7-1-2-0.4-4.3-0.4c-2.3,0-6.1-1.2-5.8-1.1c0.3,0.1,3.1,1.5,6,1.9C259.7,12.2,261.4,12.3,260.8,11.3z M242.4,8.6\tc0,0-2.4-0.2-5.6-0.9c-3.2-0.8-10.3-2.8-15.1-3.5c-8.2-1.1-15.8,0-15.1,0.1c0.8,0.1,9.6-0.6,17.6,1.1c3.3,0.7,9.3,2.2,12.4,2.7\tC239.9,8.7,242.4,8.6,242.4,8.6z M185.2,8.5c1.7-0.7-13.3,4.7-18.5,6.1c-2.1,0.6-6.2,1.6-10,2c-3.9,0.4-8.9,0.4-8.8,0.5\tc0,0.2,5.8,0.8,11.2,0c5.4-0.8,5.2-1.1,7.6-1.6C170.5,14.7,183.5,9.2,185.2,8.5z M199.1,6.9c0.2,0-0.8-0.4-4.8,1.1\tc-4,1.5-6.7,3.5-6.9,3.7c-0.2,0.1,3.5-1.8,6.6-3C197,7.5,199,6.9,199.1,6.9z M283,6c-0.1,0.1-1.9,1.1-4.8,2.5s-6.9,2.8-6.7,2.7\tc0.2,0,3.5-0.6,7.4-2.5C282.8,6.8,283.1,5.9,283,6z M31.3,11.6c0.1-0.2-1.9-0.2-4.5-1.2s-5.4-1.6-7.8-2C15,7.6,7.3,8.5,7.7,8.6\tC8,8.7,15.9,8.3,20.2,9.3c2.2,0.5,2.4,0.5,5.7,1.6S31.2,11.9,31.3,11.6z M73,9.2c0.4-0.1,3.5-1.6,8.4-2.6c4.9-1.1,8.9-0.5,8.9-0.8\tc0-0.3-1-0.9-6.2-0.3S72.6,9.3,73,9.2z M71.6,6.7C71.8,6.8,75,5.4,77.3,5c2.3-0.3,1.9-0.5,1.9-0.6c0-0.1-1.1-0.2-2.7,0.2\tC74.8,5.1,71.4,6.6,71.6,6.7z M93.6,4.4c0.1,0.2,3.5,0.8,5.6,1.8c2.1,1,1.8,0.6,1.9,0.5c0.1-0.1-0.8-0.8-2.4-1.3\tC97.1,4.8,93.5,4.2,93.6,4.4z M65.4,11.1c-0.1,0.3,0.3,0.5,1.9-0.2s2.6-1.3,2.2-1.2s-0.9,0.4-2.5,0.8C65.3,10.9,65.5,10.8,65.4,11.1\tz M34.5,12.4c-0.2,0,2.1,0.8,3.3,0.9c1.2,0.1,2,0.1,2-0.2c0-0.3-0.1-0.5-1.6-0.4C36.6,12.8,34.7,12.4,34.5,12.4z M152.2,21.1\tc-0.1,0.1-2.4-0.3-7.5-0.3c-5,0-13.6-2.4-17.2-3.5c-3.6-1.1,10,3.9,16.5,4.1C150.5,21.6,152.3,21,152.2,21.1z\"\/>\n\t<path class=\"elementor-shape-fill\" d=\"M269.6,18c-0.1-0.1-4.6,0.3-7.2,0c-7.3-0.7-17-3.2-16.6-2.9c0.4,0.3,13.7,3.1,17,3.3\tC267.7,18.8,269.7,18,269.6,18z\"\/>\n\t<path class=\"elementor-shape-fill\" d=\"M227.4,9.8c-0.2-0.1-4.5-1-9.5-1.2c-5-0.2-12.7,0.6-12.3,0.5c0.3-0.1,5.9-1.8,13.3-1.2\tS227.6,9.9,227.4,9.8z\"\/>\n\t<path class=\"elementor-shape-fill\" d=\"M204.5,13.4c-0.1-0.1,2-1,3.2-1.1c1.2-0.1,2,0,2,0.3c0,0.3-0.1,0.5-1.6,0.4\tC206.4,12.9,204.6,13.5,204.5,13.4z\"\/>\n\t<path class=\"elementor-shape-fill\" d=\"M201,10.6c0-0.1-4.4,1.2-6.3,2.2c-1.9,0.9-6.2,3.1-6.1,3.1c0.1,0.1,4.2-1.6,6.3-2.6\tS201,10.7,201,10.6z\"\/>\n\t<path class=\"elementor-shape-fill\" d=\"M154.5,26.7c-0.1-0.1-4.6,0.3-7.2,0c-7.3-0.7-17-3.2-16.6-2.9c0.4,0.3,13.7,3.1,17,3.3\tC152.6,27.5,154.6,26.8,154.5,26.7z\"\/>\n\t<path class=\"elementor-shape-fill\" d=\"M41.9,19.3c0,0,1.2-0.3,2.9-0.1c1.7,0.2,5.8,0.9,8.2,0.7c4.2-0.4,7.4-2.7,7-2.6\tc-0.4,0-4.3,2.2-8.6,1.9c-1.8-0.1-5.1-0.5-6.7-0.4S41.9,19.3,41.9,19.3z\"\/>\n\t<path class=\"elementor-shape-fill\" d=\"M75.5,12.6c0.2,0.1,2-0.8,4.3-1.1c2.3-0.2,2.1-0.3,2.1-0.5c0-0.1-1.8-0.4-3.4,0\tC76.9,11.5,75.3,12.5,75.5,12.6z\"\/>\n\t<path class=\"elementor-shape-fill\" d=\"M15.6,13.2c0-0.1,4.3,0,6.7,0.5c2.4,0.5,5,1.9,5,2c0,0.1-2.7-0.8-5.1-1.4\tC19.9,13.7,15.7,13.3,15.6,13.2z\"\/>\n<\/svg>\t\t<\/div>\n\t\t\t\t<div class=\"elementor-element elementor-element-36758ad elementor-widget__width-initial elementor-invisible elementor-widget elementor-widget-heading\" data-id=\"36758ad\" data-element_type=\"widget\" data-e-type=\"widget\" data-settings=\"{&quot;_animation&quot;:&quot;fadeInDown&quot;}\" data-widget_type=\"heading.default\">\n\t\t\t\t\t<h2 class=\"elementor-heading-title elementor-size-default\">Supportive houses as a home classroom for people with autism to build their independent living<\/h2>\t\t\t\t<\/div>\n\t\t\t\t<div class=\"elementor-element elementor-element-4127adb elementor-widget elementor-widget-heading\" data-id=\"4127adb\" data-element_type=\"widget\" data-e-type=\"widget\" data-widget_type=\"heading.default\">\n\t\t\t\t\t<span class=\"elementor-heading-title elementor-size-default\">Projektnummer: 2023-1-IE01-KA220-ADU-000152794\n\n<\/span>\t\t\t\t<\/div>\n\t\t\t\t<div class=\"elementor-element elementor-element-9e6501d elementor-invisible elementor-widget elementor-widget-text-editor\" data-id=\"9e6501d\" data-element_type=\"widget\" data-e-type=\"widget\" data-settings=\"{&quot;_animation&quot;:&quot;fadeInUp&quot;}\" data-widget_type=\"text-editor.default\">\n\t\t\t\t\t\t\t\t\t<p>Dette projekt har til form\u00e5l at udvikle Houses4Autism Uddannelsesv\u00e6rkt\u00f8jskassen, der inkluderer en l\u00e6seplan og en h\u00e5ndbog samt et interaktivt VR-spil. Form\u00e5let er at \u00f8ge viden, f\u00e6rdigheder og n\u00f8glekompetencer hos voksenundervisere, s\u00e5 de kan tr\u00e6ne personer med autisme. Gennem simulationer, hvor der skabes hjemmemilj\u00f8er p\u00e5 den ene side og h\u00e5ndteres hverdagssituationer p\u00e5 den anden side, str\u00e6ber projektet efter at styrke de daglige livsf\u00e6rdigheder hos personer med autisme, s\u00e5 de kan leve selvst\u00e6ndigt uden st\u00f8tte fra for\u00e6ldre, v\u00e6rger, sygeplejersker eller omsorgspersoner.<\/p>\t\t\t\t\t\t\t\t<\/div>\n\t\t\t\t\t<\/div>\n\t\t\t\t<\/div>\n\t\t<section class=\"elementor-element elementor-element-eafed65 e-flex e-con-boxed e-con e-parent\" data-id=\"eafed65\" data-element_type=\"container\" data-e-type=\"container\" data-settings=\"{&quot;background_background&quot;:&quot;classic&quot;}\">\n\t\t\t\t\t<div class=\"e-con-inner\">\n\t\t\t\t<div class=\"elementor-element elementor-element-d1f115e elementor-widget elementor-widget-ms_lms_courses\" data-id=\"d1f115e\" data-element_type=\"widget\" data-e-type=\"widget\" data-settings=\"{&quot;course_card_presets&quot;:&quot;card-style-2&quot;,&quot;cards_to_show&quot;:1,&quot;card_slot_4&quot;:&quot;duration&quot;,&quot;popup_slot_1&quot;:&quot;current-students&quot;,&quot;popup_slot_3&quot;:&quot;views&quot;,&quot;course_image_size&quot;:{&quot;width&quot;:&quot;&quot;,&quot;height&quot;:&quot;322&quot;},&quot;type&quot;:&quot;courses-archive&quot;,&quot;slides_to_scroll&quot;:&quot;25%&quot;,&quot;slides_to_scroll_tablet&quot;:&quot;33.333333%&quot;,&quot;slides_to_scroll_mobile&quot;:&quot;100%&quot;,&quot;loop&quot;:&quot;true&quot;,&quot;cards_to_show_choice&quot;:&quot;number&quot;,&quot;cards_to_show_choice_featured&quot;:&quot;number&quot;,&quot;sort_by&quot;:&quot;date_high&quot;,&quot;show_category&quot;:&quot;yes&quot;,&quot;show_progress&quot;:&quot;yes&quot;,&quot;show_divider&quot;:&quot;yes&quot;,&quot;show_slots&quot;:&quot;yes&quot;,&quot;card_slot_1&quot;:&quot;current-students&quot;,&quot;card_slot_2&quot;:&quot;views&quot;,&quot;card_slot_3&quot;:&quot;lectures&quot;,&quot;featured_position&quot;:&quot;left&quot;,&quot;status_presets&quot;:&quot;status_style_1&quot;,&quot;status_position&quot;:&quot;right&quot;,&quot;show_popup&quot;:&quot;yes&quot;,&quot;popup_show_author_name&quot;:&quot;yes&quot;,&quot;popup_show_author_image&quot;:&quot;yes&quot;,&quot;popup_show_excerpt&quot;:&quot;yes&quot;,&quot;popup_show_slots&quot;:&quot;yes&quot;,&quot;popup_slot_2&quot;:&quot;lectures&quot;,&quot;show_instructor_label&quot;:&quot;yes&quot;,&quot;show_instructor_position&quot;:&quot;yes&quot;,&quot;show_instructor_bio&quot;:&quot;yes&quot;}\" data-widget_type=\"ms_lms_courses.default\">\n\t\t\t\t<div class=\"elementor-widget-container\">\n\t\t\t\t\t<div class=\"ms_lms_courses_archive\">\n\t\t<div class=\"ms_lms_courses_archive__content \">\n\t\t\t\t<div class=\"ms_lms_courses_card_wrapper\">\n\t\t\t\t\t\t<div class=\"ms_lms_courses_card card-style-2\">\n\t\t\t\t\t<div class=\"ms_lms_courses_card_item  \">\n\t\t<div class=\"ms_lms_courses_card_item_wrapper\">\n\t\t\t\t\t\t<div class=\"ms_lms_courses_card_item_image_wrapper\">\n\t\t\t\t<a href=\"https:\/\/houses4autism.eu\/da\/courses\/houses-4-autism\/\" class=\"ms_lms_courses_card_item_image_link\">\n\t\t\t\t\t<div class=\"masterstudy-lazyload-image\"><img data-src=\"https:\/\/houses4autism.eu\/wp-content\/uploads\/autism-background-1-mob.webp\" class=\"lazyload ms_lms_courses_card_item_image\"><\/div>\t\t\t\t<\/a>\n\t\t\t\t\t\t\t<\/div>\n\t\t\t<div class=\"ms_lms_courses_card_item_info\">\n\t\t\t\t\t\t\t\t\t<span class=\"ms_lms_courses_card_item_info_category\">\n\t\t\t\t\t\t<a href=\"https:\/\/houses4autism.eu\/da\/?terms%5B%5D=31&#038;category%5B%5D=31\">\n\t\t\t\t\t\t\teLearning\t\t\t\t\t\t<\/a>\n\t\t\t\t\t<\/span>\n\t\t\t\t\t\t\t\t\t<a href=\"https:\/\/houses4autism.eu\/da\/courses\/houses-4-autism\/\" class=\"ms_lms_courses_card_item_info_title\">\n\t\t\t\t\t\t<h3>Houses 4 Autism<\/h3>\n\t\t\t\t\t<\/a>\n\t\t\t\t\t\t\t\t\t<div class=\"ms_lms_courses_card_item_info_meta\">\n\t\t\t\t\t\t<div class=\"ms_lms_courses_card_item_meta_block\">\n\t<i class=\"stmlms-members\"><\/i>\n<span>0<\/span>\n<\/div>\n<div class=\"ms_lms_courses_card_item_meta_block\">\n\t<i class=\"stmlms-views\"><\/i>\n<span>1660<\/span>\n<\/div>\n\t\t\t\t\t<\/div>\n\t\t\t\t\t\t\t\t\t\t<span class=\"ms_lms_courses_card_item_info_divider\"><\/span>\n\t\t\t\t\t\t\t\t\t\t<div class=\"ms_lms_courses_card_item_info_bottom_wrapper\">\n\t\t\t\t\t\t<div class=\"ms_lms_courses_card_item_meta_block\">\n\t<i class=\"stmlms-cats\"><\/i>\n<span>\n\t25 Forel\u00e6sninger<\/span>\n<\/div>\n<div class=\"ms_lms_courses_card_item_meta_block\">\n\t<i class=\"stmlms-lms-clocks\"><\/i>\n<span>0 Timer<\/span>\n<\/div>\n\t\t\t\t\t<\/div>\n\t\t\t\t\t\t\t<\/div>\n\t\t<\/div>\n\t\t<div class=\"ms_lms_courses_card_item_popup\">\n\t\t\t<div class=\"ms_lms_courses_card_item_popup_author\">\n\t\t\t\t\t\t\t<img decoding=\"async\" src=\"https:\/\/secure.gravatar.com\/avatar\/aee4abe103a824b6aa8a7c168ef18992c82a2eb4b44040c28467e417728d94a7?s=215&#038;d=mm&#038;r=g\" alt=\"\" title=\"\">\n\t\t\t\t\t\t\t\t<span class=\"ms_lms_courses_card_item_popup_author_name\">Stando<\/span>\n\t\t\t\t\t<\/div>\n\t\t<a href=\"https:\/\/houses4autism.eu\/da\/courses\/houses-4-autism\/\" class=\"ms_lms_courses_card_item_popup_title\">\n\t\t<h3>Houses 4 Autism<\/h3>\n\t<\/a>\n\t\t\t<div class=\"ms_lms_courses_card_item_popup_excerpt\">\n\t\t\tThis project develops the Houses4Autism Educational Toolkit, including a curriculum, handbook, and VR game, to help adult educa...\t\t<\/div>\n\t\t\t\t<div class=\"ms_lms_courses_card_item_popup_meta\">\n\t\t\t<div class=\"ms_lms_courses_card_item_meta_block\">\n\t<i class=\"stmlms-members\"><\/i>\n<span>0<\/span>\n<\/div>\n<div class=\"ms_lms_courses_card_item_meta_block\">\n\t<i class=\"stmlms-cats\"><\/i>\n<span>\n\t25 Forel\u00e6sninger<\/span>\n<\/div>\n<div class=\"ms_lms_courses_card_item_meta_block\">\n\t<i class=\"stmlms-views\"><\/i>\n<span>1660<\/span>\n<\/div>\n\t\t<\/div>\n\t\t<div class=\"ms_lms_courses_card_item_popup_button_wrapper\">\n\t\t<a href=\"https:\/\/houses4autism.eu\/da\/courses\/houses-4-autism\/\" class=\"ms_lms_courses_card_item_popup_button\">\n\t\t\t<span>Forh\u00e5ndsvis dette kursus<\/span>\n\t\t\t\t\t<\/a>\n\n\t\t\t<\/div>\n<\/div>\n\t<\/div>\n\t\t\t\t<\/div>\n\t\t\t<div class=\"ms_lms_courses_archive__pagination_wrapper\">\n\t\t\t\t\t\t\t<\/div>\n\t\t<\/div>\n\t<\/div>\n<\/div>\n\t\t\t\t<\/div>\n\t\t\t\t<\/div>\n\t\t\t\t\t<\/div>\n\t\t\t\t<\/section>\n\t\t<div class=\"elementor-element elementor-element-5bc2db8 e-flex e-con-boxed e-con e-parent\" data-id=\"5bc2db8\" data-element_type=\"container\" data-e-type=\"container\">\n\t\t\t\t\t<div class=\"e-con-inner\">\n\t\t\t\t<div class=\"elementor-element elementor-element-16b0fec elementor-invisible elementor-widget elementor-widget-heading\" data-id=\"16b0fec\" data-element_type=\"widget\" data-e-type=\"widget\" data-settings=\"{&quot;_animation&quot;:&quot;fadeInDown&quot;}\" data-widget_type=\"heading.default\">\n\t\t\t\t\t<h2 class=\"elementor-heading-title elementor-size-default\">Teamet bag projektet<\/h2>\t\t\t\t<\/div>\n\t\t\t\t<div class=\"elementor-element elementor-element-34fc3ef elementor-widget elementor-widget-gallery\" data-id=\"34fc3ef\" data-element_type=\"widget\" data-e-type=\"widget\" data-settings=\"{&quot;columns&quot;:5,&quot;columns_mobile&quot;:2,&quot;gap&quot;:{&quot;unit&quot;:&quot;px&quot;,&quot;size&quot;:75,&quot;sizes&quot;:[]},&quot;gap_tablet&quot;:{&quot;unit&quot;:&quot;px&quot;,&quot;size&quot;:40,&quot;sizes&quot;:[]},&quot;gap_mobile&quot;:{&quot;unit&quot;:&quot;px&quot;,&quot;size&quot;:20,&quot;sizes&quot;:[]},&quot;lazyload&quot;:&quot;yes&quot;,&quot;gallery_layout&quot;:&quot;grid&quot;,&quot;gap_laptop&quot;:{&quot;unit&quot;:&quot;px&quot;,&quot;size&quot;:10,&quot;sizes&quot;:[]},&quot;gap_tablet_extra&quot;:{&quot;unit&quot;:&quot;px&quot;,&quot;size&quot;:10,&quot;sizes&quot;:[]},&quot;gap_mobile_extra&quot;:{&quot;unit&quot;:&quot;px&quot;,&quot;size&quot;:10,&quot;sizes&quot;:[]},&quot;aspect_ratio&quot;:&quot;3:2&quot;,&quot;overlay_background&quot;:&quot;yes&quot;}\" data-widget_type=\"gallery.default\">\n\t\t\t\t\t\t\t<div class=\"elementor-gallery__container\">\n\t\t\t\t\t\t\t<div class=\"e-gallery-item elementor-gallery-item\">\n\t\t\t\t\t<div class=\"e-gallery-image elementor-gallery-item__image\" data-thumbnail=\"https:\/\/houses4autism.eu\/wp-content\/uploads\/inside-logo.webp\" data-width=\"300\" data-height=\"250\" aria-label=\"inside logo\" role=\"img\" ><\/div>\n\t\t\t\t\t\t\t\t\t\t\t<div class=\"elementor-gallery-item__overlay\"><\/div>\n\t\t\t\t\t\t\t\t\t\t\t\t\t\t<\/div>\n\t\t\t\t\t\t\t<div class=\"e-gallery-item elementor-gallery-item\">\n\t\t\t\t\t<div class=\"e-gallery-image elementor-gallery-item__image\" data-thumbnail=\"https:\/\/houses4autism.eu\/wp-content\/uploads\/sina_svetulka.webp\" data-width=\"300\" data-height=\"250\" aria-label=\"sina_svetulka\" role=\"img\" ><\/div>\n\t\t\t\t\t\t\t\t\t\t\t<div class=\"elementor-gallery-item__overlay\"><\/div>\n\t\t\t\t\t\t\t\t\t\t\t\t\t\t<\/div>\n\t\t\t\t\t\t\t<div class=\"e-gallery-item elementor-gallery-item\">\n\t\t\t\t\t<div class=\"e-gallery-image elementor-gallery-item__image\" data-thumbnail=\"https:\/\/houses4autism.eu\/wp-content\/uploads\/standoutedu.webp\" data-width=\"300\" data-height=\"250\" aria-label=\"standoutedu\" role=\"img\" ><\/div>\n\t\t\t\t\t\t\t\t\t\t\t<div class=\"elementor-gallery-item__overlay\"><\/div>\n\t\t\t\t\t\t\t\t\t\t\t\t\t\t<\/div>\n\t\t\t\t\t\t\t<div class=\"e-gallery-item elementor-gallery-item\">\n\t\t\t\t\t<div class=\"e-gallery-image elementor-gallery-item__image\" data-thumbnail=\"https:\/\/houses4autism.eu\/wp-content\/uploads\/voice-for-autism-logo.webp\" data-width=\"300\" data-height=\"250\" aria-label=\"voice for autism logo\" role=\"img\" ><\/div>\n\t\t\t\t\t\t\t\t\t\t\t<div class=\"elementor-gallery-item__overlay\"><\/div>\n\t\t\t\t\t\t\t\t\t\t\t\t\t\t<\/div>\n\t\t\t\t\t\t\t<div class=\"e-gallery-item elementor-gallery-item\">\n\t\t\t\t\t<div class=\"e-gallery-image elementor-gallery-item__image\" data-thumbnail=\"https:\/\/houses4autism.eu\/wp-content\/uploads\/innopixel-logo.webp\" data-width=\"300\" data-height=\"250\" aria-label=\"innopixel logo\" role=\"img\" ><\/div>\n\t\t\t\t\t\t\t\t\t\t\t<div class=\"elementor-gallery-item__overlay\"><\/div>\n\t\t\t\t\t\t\t\t\t\t\t\t\t\t<\/div>\n\t\t\t\t\t<\/div>\n\t\t\t\t\t<\/div>\n\t\t\t\t\t<\/div>\n\t\t\t\t<\/div>\n\t\t\t\t<\/div>\n\t\t","protected":false},"excerpt":{"rendered":"<p>Houses4Autism eLearning Supportive houses as a home classroom for people with autism to build their independent living Projektnummer: 2023-1-IE01-KA220-ADU-000152794 Dette projekt har til form\u00e5l at udvikle Houses4Autism Uddannelsesv\u00e6rkt\u00f8jskassen, der inkluderer en l\u00e6seplan og en h\u00e5ndbog samt et interaktivt VR-spil. Form\u00e5let er at \u00f8ge viden, f\u00e6rdigheder og n\u00f8glekompetencer hos voksenundervisere, s\u00e5 de kan tr\u00e6ne personer med [&hellip;]<\/p>\n","protected":false},"author":17,"featured_media":0,"parent":0,"menu_order":0,"comment_status":"closed","ping_status":"closed","template":"","meta":{"footnotes":""},"class_list":["post-361","page","type-page","status-publish","hentry"],"_links":{"self":[{"href":"https:\/\/houses4autism.eu\/da\/wp-json\/wp\/v2\/pages\/361","targetHints":{"allow":["GET"]}}],"collection":[{"href":"https:\/\/houses4autism.eu\/da\/wp-json\/wp\/v2\/pages"}],"about":[{"href":"https:\/\/houses4autism.eu\/da\/wp-json\/wp\/v2\/types\/page"}],"author":[{"embeddable":true,"href":"https:\/\/houses4autism.eu\/da\/wp-json\/wp\/v2\/users\/17"}],"replies":[{"embeddable":true,"href":"https:\/\/houses4autism.eu\/da\/wp-json\/wp\/v2\/comments?post=361"}],"version-history":[{"count":2,"href":"https:\/\/houses4autism.eu\/da\/wp-json\/wp\/v2\/pages\/361\/revisions"}],"predecessor-version":[{"id":1155,"href":"https:\/\/houses4autism.eu\/da\/wp-json\/wp\/v2\/pages\/361\/revisions\/1155"}],"wp:attachment":[{"href":"https:\/\/houses4autism.eu\/da\/wp-json\/wp\/v2\/media?parent=361"}],"curies":[{"name":"wp","href":"https:\/\/api.w.org\/{rel}","templated":true}]}}